{"id":3,"date":"2023-02-14T11:08:16","date_gmt":"2023-02-14T11:08:16","guid":{"rendered":"https:\/\/e-leman-energies.com\/?page_id=3"},"modified":"2023-02-23T13:31:10","modified_gmt":"2023-02-23T12:31:10","slug":"mentions-legales","status":"publish","type":"page","link":"https:\/\/e-leman-energies.com\/en\/mentions-legales\/","title":{"rendered":"Legal Notice"},"content":{"rendered":"<style>#kt-layout-id_aa3893-fd > .kt-row-column-wrap{align-content:start;}:where(#kt-layout-id_aa3893-fd > .kt-row-column-wrap) > .wp-block-kadence-column{justify-content:start;}#kt-layout-id_aa3893-fd > .kt-row-column-wrap{column-gap:var(--global-kb-gap-md, 2rem);row-gap:var(--global-kb-gap-none, 0rem );max-width:1200px;margin-left:auto;margin-right:auto;padding-top:var( --global-kb-row-default-top, 25px );padding-bottom:var( --global-kb-row-default-bottom, 25px );padding-top:40px;padding-bottom:40px;padding-left:25px;padding-right:25px;grid-template-columns:minmax(0, 1fr);}#kt-layout-id_aa3893-fd > .kt-row-layout-overlay{opacity:0.60;background-color:var(--global-palette4, #2D3748);mix-blend-mode:normal;}#kt-layout-id_aa3893-fd .kt-row-layout-bottom-sep{height:100px;}#kt-layout-id_aa3893-fd .kt-row-layout-bottom-sep svg{width:100%;}#kt-layout-id_aa3893-fd .kt-row-layout-bottom-sep svg{fill:#ffffff!important;}@media all and (max-width: 1024px){#kt-layout-id_aa3893-fd > .kt-row-column-wrap{grid-template-columns:minmax(0, 1fr);}}@media all and (max-width: 1024px){#kt-layout-id_aa3893-fd .kt-row-layout-bottom-sep{height:px;}}@media all and (max-width: 1024px){#kt-layout-id_aa3893-fd .kt-row-layout-bottom-sep svg{width:%;}}@media all and (max-width: 767px){#kt-layout-id_aa3893-fd > .kt-row-column-wrap{padding-top:40px;padding-bottom:40px;grid-template-columns:minmax(0, 1fr);}#kt-layout-id_aa3893-fd{background-image:url('https:\/\/e-leman-energies.com\/wp-content\/uploads\/2023\/02\/Chargeur-voiture-electrique.jpg');background-size:cover;background-position:center center;background-attachment:scroll;background-repeat:no-repeat;}#kt-layout-id_aa3893-fd .kb-blocks-bg-video-container,#kt-layout-id_aa3893-fd .kb-blocks-bg-slider{display:none;}#kt-layout-id_aa3893-fd > .kt-row-layout-overlay{opacity:0.70;background:var(--global-palette4, #2D3748);}#kt-layout-id_aa3893-fd .kt-row-layout-bottom-sep{height:px;}#kt-layout-id_aa3893-fd .kt-row-layout-bottom-sep svg{width:%;}}<\/style>\n<div class=\"wp-block-kadence-rowlayout alignfull\"><div id=\"kt-layout-id_aa3893-fd\" class=\"kt-row-layout-inner kt-row-has-bg kt-layout-id_aa3893-fd\"><div class=\"kt-blocks-carousel kb-blocks-bg-slider kt-carousel-container-dotstyle-none\"><div class=\"kt-blocks-carousel-init kb-blocks-bg-slider-init kt-carousel-arrowstyle-whiteondark kt-carousel-dotstyle-none\" data-slider-anim-speed=\"400\" data-slider-type=\"slider\" data-slider-scroll=\"1\" data-slider-arrows=\"true\" data-slider-fade=\"true\" data-slider-dots=\"false\" data-slider-hover-pause=\"false\" data-slider-auto=\"true\" data-slider-speed=\"7000\"><div class=\"kb-bg-slide-contain\"><div class=\"kb-bg-slide kb-bg-slide-0\" style=\"background-image:url(https:\/\/e-leman-energies.com\/wp-content\/uploads\/2023\/02\/Pergolas-solaire.jpg);background-size:cover;background-position:50% 50%;background-repeat:no-repeat\"><\/div><\/div><div class=\"kb-bg-slide-contain\"><div class=\"kb-bg-slide kb-bg-slide-1\" style=\"background-image:url(https:\/\/e-leman-energies.com\/wp-content\/uploads\/2023\/02\/Maison-Panneau-Solaire.jpg);background-size:cover;background-position:50% 50%;background-repeat:no-repeat\"><\/div><\/div><div class=\"kb-bg-slide-contain\"><div class=\"kb-bg-slide kb-bg-slide-2\" style=\"background-image:url(https:\/\/e-leman-energies.com\/wp-content\/uploads\/2023\/02\/Chargeur-voiture-electrique.jpg);background-size:cover;background-position:50% 50%;background-repeat:no-repeat\"><\/div><\/div><\/div><\/div><div class=\"kt-row-layout-overlay kt-row-overlay-normal\"><\/div><div class=\"kt-row-column-wrap kt-has-1-columns kt-gutter-default kt-v-gutter-none kt-row-valign-top kt-row-layout-equal kt-tab-layout-inherit kt-m-colapse-left-to-right kt-mobile-layout-row\"><style>.kadence-column_993da9-39 > .kt-inside-inner-col{border-top-width:0px;border-right-width:0px;border-bottom-width:0px;border-left-width:0px;}.kadence-column_993da9-39 > .kt-inside-inner-col,.kadence-column_993da9-39 > .kt-inside-inner-col:before{border-top-left-radius:0px;border-top-right-radius:0px;border-bottom-right-radius:0px;border-bottom-left-radius:0px;}.kadence-column_993da9-39 > .kt-inside-inner-col{column-gap:var(--global-kb-gap-sm, 1rem);}.kadence-column_993da9-39 > .kt-inside-inner-col{flex-direction:column;}.kadence-column_993da9-39 > .kt-inside-inner-col > .aligncenter{width:100%;}.kadence-column_993da9-39 > .kt-inside-inner-col:before{opacity:0.3;}.kadence-column_993da9-39{position:relative;}@media all and (max-width: 1024px){.kadence-column_993da9-39 > .kt-inside-inner-col{flex-direction:column;justify-content:center;}}@media all and (max-width: 767px){.kadence-column_993da9-39 > .kt-inside-inner-col{flex-direction:column;justify-content:center;}}<\/style>\n<div class=\"wp-block-kadence-column inner-column-1 kadence-column_993da9-39\"><div class=\"kt-inside-inner-col\"><style>.wp-block-kadence-advancedheading.kt-adv-heading_3064d0-45, .wp-block-kadence-advancedheading.kt-adv-heading_3064d0-45[data-kb-block=\"kb-adv-heading_3064d0-45\"]{margin-bottom:25px;text-align:center;font-size:3.2em;line-height:1.2em;font-weight:700;font-style:normal;}.wp-block-kadence-advancedheading.kt-adv-heading_3064d0-45 mark.kt-highlight, .wp-block-kadence-advancedheading.kt-adv-heading_3064d0-45[data-kb-block=\"kb-adv-heading_3064d0-45\"] mark.kt-highlight{font-weight:700;font-style:normal;color:var(--global-palette1, #3182CE);-webkit-box-decoration-break:clone;box-decoration-break:clone;padding-top:0px;padding-right:0px;padding-bottom:0px;padding-left:0px;}@media all and (max-width: 767px){.wp-block-kadence-advancedheading.kt-adv-heading_3064d0-45, .wp-block-kadence-advancedheading.kt-adv-heading_3064d0-45[data-kb-block=\"kb-adv-heading_3064d0-45\"]{font-size:2em;}}<\/style>\n<h1 class=\"kt-adv-heading_3064d0-45 wp-block-kadence-advancedheading\" data-kb-block=\"kb-adv-heading_3064d0-45\">Legal Notice<\/h1>\n<\/div><\/div>\n<\/div><\/div><\/div>\n\n\n<style>#kt-layout-id_ea4f0a-45 > .kt-row-column-wrap{align-content:start;}:where(#kt-layout-id_ea4f0a-45 > .kt-row-column-wrap) > .wp-block-kadence-column{justify-content:start;}#kt-layout-id_ea4f0a-45 > .kt-row-column-wrap{column-gap:var(--global-kb-gap-md, 2rem);row-gap:var(--global-kb-gap-md, 2rem);padding-top:var( --global-kb-row-default-top, 25px );padding-bottom:var( --global-kb-row-default-bottom, 25px );padding-top:var(--global-kb-spacing-sm, 1.5rem);padding-bottom:var(--global-kb-spacing-sm, 1.5rem);grid-template-columns:minmax(0, 1fr);}#kt-layout-id_ea4f0a-45 > .kt-row-layout-overlay{opacity:0.30;}@media all and (max-width: 1024px){#kt-layout-id_ea4f0a-45 > .kt-row-column-wrap{grid-template-columns:minmax(0, 1fr);}}@media all and (max-width: 767px){#kt-layout-id_ea4f0a-45 > .kt-row-column-wrap{grid-template-columns:minmax(0, 1fr);}}<\/style>\n<div class=\"wp-block-kadence-rowlayout alignnone\"><div id=\"kt-layout-id_ea4f0a-45\" class=\"kt-row-layout-inner kt-layout-id_ea4f0a-45\"><div class=\"kt-row-column-wrap kt-has-1-columns kt-gutter-default kt-v-gutter-default kt-row-valign-top kt-row-layout-equal kt-tab-layout-inherit kt-m-colapse-left-to-right kt-mobile-layout-row\"><style>.kadence-column_fe55da-ff > .kt-inside-inner-col{border-top-width:0px;border-right-width:0px;border-bottom-width:0px;border-left-width:0px;}.kadence-column_fe55da-ff > .kt-inside-inner-col,.kadence-column_fe55da-ff > .kt-inside-inner-col:before{border-top-left-radius:0px;border-top-right-radius:0px;border-bottom-right-radius:0px;border-bottom-left-radius:0px;}.kadence-column_fe55da-ff > .kt-inside-inner-col{column-gap:var(--global-kb-gap-sm, 1rem);}.kadence-column_fe55da-ff > .kt-inside-inner-col{flex-direction:column;}.kadence-column_fe55da-ff > .kt-inside-inner-col > .aligncenter{width:100%;}.kadence-column_fe55da-ff > .kt-inside-inner-col:before{opacity:0.3;}.kadence-column_fe55da-ff{position:relative;}@media all and (max-width: 1024px){.kadence-column_fe55da-ff > .kt-inside-inner-col{flex-direction:column;justify-content:center;}}@media all and (max-width: 767px){.kadence-column_fe55da-ff > .kt-inside-inner-col{flex-direction:column;justify-content:center;}}<\/style>\n<div class=\"wp-block-kadence-column inner-column-1 kadence-column_fe55da-ff\"><div class=\"kt-inside-inner-col\">\n<p>Website editor: The company e-L\u00e9man Energies SAS, registered with the RCS under the number 948 896 444, whose head office is located at 65 rue des Bois 01210 Ornex.<\/p>\n\n\n\n<p>Director of the publication: e-L\u00e9man Energies SAS<\/p>\n\n\n\n<p>Site host: Infomaniak<\/p>\n\n\n\n<p>Terms of use: The use of this site implies full acceptance of the general conditions of use described below.<\/p>\n\n\n\n<p>Content protection: The content of the site, including texts, images, logos, etc. is protected by French and international laws on copyright and intellectual property. Any reproduction, representation, use, adaptation, modification, incorporation, translation, commercialization, in part or in full, by any process and on any medium whatsoever, without prior written authorization from e-L\u00e9man Energies SAS is strictly prohibited.<\/p>\n\n\n\n<p>Personal data: In accordance with the French law \"Informatique et Libert\u00e9s\" n\u00b078-17 of January 6, 1978, you have a right of access, of correction and suppression of the data which concern you. You can exercise this right by contacting us at the following address : <a href=\"mailto:contact@e-leman-energies.com\"><strong>contact@e-leman-energies.com<\/strong><\/a>.<\/p>\n\n\n\n<p>Responsibility : e-L\u00e9man Energies SAS cannot be held responsible for direct or indirect damage caused to the user's equipment when accessing the site, and resulting either from the use of equipment that does not meet the specifications indicated, or from the appearance of a bug or an incompatibility.<\/p>\n\n\n\n<p>Hypertext links : The hypertext links set up within the framework of the website towards other resources present on the Internet network cannot engage the responsibility of the company e-L\u00e9man Energies SAS.<\/p>\n\n\n\n<p>These legal notices are given for information only and may be subject to change. It is recommended to check their content regularly.<\/p>\n\n\n\n<p>Here are the general conditions of sale for the company e-L\u00e9man Energies SAS :<\/p>\n\n\n\n<p>Purpose: The purpose of these general terms and conditions of sale is to define the conditions under which the company e-L\u00e9man Energies SAS, located at Les Arcades d'Ornex, offers the supply and installation of solar photovoltaic products, solar pergola, solar shade, solar carport and accessories related to the field of solar energy, as well as the terms of order and payment applicable to these products and services.<\/p>\n\n\n\n<p>Scope: These conditions apply to all sales concluded between the company e-L\u00e9man Energies SAS and its customers, whether in a physical store or on the website www-e-leman-energies.com.<\/p>\n\n\n\n<p>Products and services: The products and services offered by the company e-L\u00e9man Energies SAS are those listed on the website www-e-leman-energies.com, within the limits of available stocks. The company reserves the right to modify at any time the range of products and services offered.<\/p>\n\n\n\n<p>Orders : Orders can be placed online on the website www-e-leman-energies.com or in the physical store at Les Arcades d'Ornex. The company e-L\u00e9man Energies SAS reserves the right to refuse any order from a customer with whom there is a dispute.<\/p>\n\n\n\n<p>Prices : The prices of the products and services are those in force at the time of the order and are expressed in euros. They take into account the VAT applicable on the day of the order. e-L\u00e9man Energies SAS reserves the right to modify its prices at any time.<\/p>\n\n\n\n<p>Payment : Payment can be made online by credit card or via a PayPal account, or in the Arcades d'Ornex store by cash, check or credit card.<\/p>\n\n\n\n<p>Delivery: The delivery of products and services will be made to the address indicated by the customer when ordering. e-L\u00e9man Energies SAS undertakes to make its best efforts to deliver the products within the deadlines indicated at the time of ordering. However, these deadlines are given as an indication and a delay cannot give rise to any cancellation of the order, to any reduction in price or to any payment of damages.<\/p>\n\n\n\n<p>Guarantees : e-L\u00e9man Energies SAS guarantees the conformity of the products and services delivered to the customer. Any defective product or service can be exchanged or reimbursed under the conditions provided for by the legal guarantee.<\/p>\n\n\n\n<p>Responsibility : e-L\u00e9man Energies SAS cannot be held responsible for any damage caused by the customer, by a third party or by events beyond its control.<\/p>\n\n\n\n<p>Protection of personal data: The information communicated by the customer at the time of the order is the subject of a data-processing treatment intended for the management of the order and the commercial prospection. In accordance with the Data-processing law and Freedoms of January 6, 1978, the customer has a right of access, of modification and suppression of these data.<\/p>\n\n\n\n<p>Settlement of disputes: Any dispute relating to the interpretation and execution of these general conditions of sale will be submitted to the competent courts under the conditions of common law.<\/p>\n\n\n\n<p>Applicable law: The present general conditions of sale are subject to French law.<\/p>\n\n\n\n<p>These terms and conditions apply to all sales concluded by e-L\u00e9man Energies SAS with its customers. In case of modification of the general sales conditions, the applicable conditions will be those in force at the date of the order.<\/p>\n<\/div><\/div>\n<\/div><\/div><\/div>","protected":false},"excerpt":{"rendered":"<p>Mentions L\u00e9gales Editeur du site : La soci\u00e9t\u00e9 e-L\u00e9man Energies SAS, immatricul\u00e9e au RCS sous le num\u00e9ro 948 896 444, dont le si\u00e8ge social est situ\u00e9 au 65 rue des Bois 01210 Ornex. Directeur de la publication : e-L\u00e9man Energies SAS H\u00e9bergeur du site : Infomaniak Conditions d&rsquo;utilisation : L&rsquo;utilisation de ce site implique l&rsquo;acceptation&#8230;<\/p>","protected":false},"author":1,"featured_media":0,"parent":0,"menu_order":0,"comment_status":"closed","ping_status":"open","template":"","meta":{"_kad_blocks_custom_css":"","_kad_blocks_head_custom_js":"","_kad_blocks_body_custom_js":"","_kad_blocks_footer_custom_js":"","_kadence_starter_templates_imported_post":false,"_kad_post_transparent":"","_kad_post_title":"hide","_kad_post_layout":"","_kad_post_sidebar_id":"","_kad_post_content_style":"","_kad_post_vertical_padding":"hide","_kad_post_feature":"hide","_kad_post_feature_position":"","_kad_post_header":false,"_kad_post_footer":false,"_kad_post_classname":"","footnotes":""},"class_list":["post-3","page","type-page","status-publish","hentry"],"yoast_head":"<!-- This site is optimized with the Yoast SEO plugin v26.4 - https:\/\/yoast.com\/wordpress\/plugins\/seo\/ -->\n<title>Mentions L\u00e9gales - E-Leman Energies<\/title>\n<meta name=\"description\" content=\"D\u00e9couvrez les mentions l\u00e9gales de l&#039;entreprise E-Leman Energies et nos conditions g\u00e9n\u00e9rales de ventes.\" \/>\n<meta name=\"robots\" content=\"index, follow, max-snippet:-1, max-image-preview:large, max-video-preview:-1\" \/>\n<link rel=\"canonical\" href=\"https:\/\/e-leman-energies.com\/en\/mentions-legales\/\" \/>\n<meta property=\"og:locale\" content=\"en_GB\" \/>\n<meta property=\"og:type\" content=\"article\" \/>\n<meta property=\"og:title\" content=\"Mentions L\u00e9gales - E-Leman Energies\" \/>\n<meta property=\"og:description\" content=\"D\u00e9couvrez les mentions l\u00e9gales de l&#039;entreprise E-Leman Energies et nos conditions g\u00e9n\u00e9rales de ventes.\" \/>\n<meta property=\"og:url\" content=\"https:\/\/e-leman-energies.com\/en\/mentions-legales\/\" \/>\n<meta property=\"og:site_name\" content=\"E-leman Energies\" \/>\n<meta property=\"article:modified_time\" content=\"2023-02-23T12:31:10+00:00\" \/>\n<meta name=\"twitter:card\" content=\"summary_large_image\" \/>\n<meta name=\"twitter:label1\" content=\"Estimated reading time\" \/>\n\t<meta name=\"twitter:data1\" content=\"5 minutes\" \/>\n<script type=\"application\/ld+json\" class=\"yoast-schema-graph\">{\"@context\":\"https:\/\/schema.org\",\"@graph\":[{\"@type\":\"WebPage\",\"@id\":\"https:\/\/e-leman-energies.com\/mentions-legales\/\",\"url\":\"https:\/\/e-leman-energies.com\/mentions-legales\/\",\"name\":\"Mentions L\u00e9gales - E-Leman Energies\",\"isPartOf\":{\"@id\":\"https:\/\/e-leman-energies.com\/#website\"},\"datePublished\":\"2023-02-14T11:08:16+00:00\",\"dateModified\":\"2023-02-23T12:31:10+00:00\",\"description\":\"D\u00e9couvrez les mentions l\u00e9gales de l'entreprise E-Leman Energies et nos conditions g\u00e9n\u00e9rales de ventes.\",\"breadcrumb\":{\"@id\":\"https:\/\/e-leman-energies.com\/mentions-legales\/#breadcrumb\"},\"inLanguage\":\"en-GB\",\"potentialAction\":[{\"@type\":\"ReadAction\",\"target\":[\"https:\/\/e-leman-energies.com\/mentions-legales\/\"]}]},{\"@type\":\"BreadcrumbList\",\"@id\":\"https:\/\/e-leman-energies.com\/mentions-legales\/#breadcrumb\",\"itemListElement\":[{\"@type\":\"ListItem\",\"position\":1,\"name\":\"Accueil\",\"item\":\"https:\/\/e-leman-energies.com\/\"},{\"@type\":\"ListItem\",\"position\":2,\"name\":\"Mentions L\u00e9gales\"}]},{\"@type\":\"WebSite\",\"@id\":\"https:\/\/e-leman-energies.com\/#website\",\"url\":\"https:\/\/e-leman-energies.com\/\",\"name\":\"E-leman Energies\",\"description\":\"La solution photovolta\u00efque innovante et durable !\",\"publisher\":{\"@id\":\"https:\/\/e-leman-energies.com\/#organization\"},\"potentialAction\":[{\"@type\":\"SearchAction\",\"target\":{\"@type\":\"EntryPoint\",\"urlTemplate\":\"https:\/\/e-leman-energies.com\/?s={search_term_string}\"},\"query-input\":{\"@type\":\"PropertyValueSpecification\",\"valueRequired\":true,\"valueName\":\"search_term_string\"}}],\"inLanguage\":\"en-GB\"},{\"@type\":\"Organization\",\"@id\":\"https:\/\/e-leman-energies.com\/#organization\",\"name\":\"E-leman Energies\",\"url\":\"https:\/\/e-leman-energies.com\/\",\"logo\":{\"@type\":\"ImageObject\",\"inLanguage\":\"en-GB\",\"@id\":\"https:\/\/e-leman-energies.com\/#\/schema\/logo\/image\/\",\"url\":\"https:\/\/e-leman-energies.com\/wp-content\/uploads\/2023\/02\/2023_ELEMAN-logo_medium.png\",\"contentUrl\":\"https:\/\/e-leman-energies.com\/wp-content\/uploads\/2023\/02\/2023_ELEMAN-logo_medium.png\",\"width\":454,\"height\":344,\"caption\":\"E-leman Energies\"},\"image\":{\"@id\":\"https:\/\/e-leman-energies.com\/#\/schema\/logo\/image\/\"}}]}<\/script>\n<!-- \/ Yoast SEO plugin. -->","yoast_head_json":{"title":"Mentions L\u00e9gales - E-Leman Energies","description":"D\u00e9couvrez les mentions l\u00e9gales de l'entreprise E-Leman Energies et nos conditions g\u00e9n\u00e9rales de ventes.","robots":{"index":"index","follow":"follow","max-snippet":"max-snippet:-1","max-image-preview":"max-image-preview:large","max-video-preview":"max-video-preview:-1"},"canonical":"https:\/\/e-leman-energies.com\/en\/mentions-legales\/","og_locale":"en_GB","og_type":"article","og_title":"Mentions L\u00e9gales - E-Leman Energies","og_description":"D\u00e9couvrez les mentions l\u00e9gales de l'entreprise E-Leman Energies et nos conditions g\u00e9n\u00e9rales de ventes.","og_url":"https:\/\/e-leman-energies.com\/en\/mentions-legales\/","og_site_name":"E-leman Energies","article_modified_time":"2023-02-23T12:31:10+00:00","twitter_card":"summary_large_image","twitter_misc":{"Estimated reading time":"5 minutes"},"schema":{"@context":"https:\/\/schema.org","@graph":[{"@type":"WebPage","@id":"https:\/\/e-leman-energies.com\/mentions-legales\/","url":"https:\/\/e-leman-energies.com\/mentions-legales\/","name":"Mentions L\u00e9gales - E-Leman Energies","isPartOf":{"@id":"https:\/\/e-leman-energies.com\/#website"},"datePublished":"2023-02-14T11:08:16+00:00","dateModified":"2023-02-23T12:31:10+00:00","description":"D\u00e9couvrez les mentions l\u00e9gales de l'entreprise E-Leman Energies et nos conditions g\u00e9n\u00e9rales de ventes.","breadcrumb":{"@id":"https:\/\/e-leman-energies.com\/mentions-legales\/#breadcrumb"},"inLanguage":"en-GB","potentialAction":[{"@type":"ReadAction","target":["https:\/\/e-leman-energies.com\/mentions-legales\/"]}]},{"@type":"BreadcrumbList","@id":"https:\/\/e-leman-energies.com\/mentions-legales\/#breadcrumb","itemListElement":[{"@type":"ListItem","position":1,"name":"Accueil","item":"https:\/\/e-leman-energies.com\/"},{"@type":"ListItem","position":2,"name":"Mentions L\u00e9gales"}]},{"@type":"WebSite","@id":"https:\/\/e-leman-energies.com\/#website","url":"https:\/\/e-leman-energies.com\/","name":"E-leman Energies","description":"La solution photovolta\u00efque innovante et durable !","publisher":{"@id":"https:\/\/e-leman-energies.com\/#organization"},"potentialAction":[{"@type":"SearchAction","target":{"@type":"EntryPoint","urlTemplate":"https:\/\/e-leman-energies.com\/?s={search_term_string}"},"query-input":{"@type":"PropertyValueSpecification","valueRequired":true,"valueName":"search_term_string"}}],"inLanguage":"en-GB"},{"@type":"Organization","@id":"https:\/\/e-leman-energies.com\/#organization","name":"E-leman Energies","url":"https:\/\/e-leman-energies.com\/","logo":{"@type":"ImageObject","inLanguage":"en-GB","@id":"https:\/\/e-leman-energies.com\/#\/schema\/logo\/image\/","url":"https:\/\/e-leman-energies.com\/wp-content\/uploads\/2023\/02\/2023_ELEMAN-logo_medium.png","contentUrl":"https:\/\/e-leman-energies.com\/wp-content\/uploads\/2023\/02\/2023_ELEMAN-logo_medium.png","width":454,"height":344,"caption":"E-leman Energies"},"image":{"@id":"https:\/\/e-leman-energies.com\/#\/schema\/logo\/image\/"}}]}},"taxonomy_info":[],"featured_image_src_large":false,"author_info":{"display_name":"ADMIN","author_link":"https:\/\/e-leman-energies.com\/en\/author\/fxseo\/"},"comment_info":0,"_links":{"self":[{"href":"https:\/\/e-leman-energies.com\/en\/wp-json\/wp\/v2\/pages\/3","targetHints":{"allow":["GET"]}}],"collection":[{"href":"https:\/\/e-leman-energies.com\/en\/wp-json\/wp\/v2\/pages"}],"about":[{"href":"https:\/\/e-leman-energies.com\/en\/wp-json\/wp\/v2\/types\/page"}],"author":[{"embeddable":true,"href":"https:\/\/e-leman-energies.com\/en\/wp-json\/wp\/v2\/users\/1"}],"replies":[{"embeddable":true,"href":"https:\/\/e-leman-energies.com\/en\/wp-json\/wp\/v2\/comments?post=3"}],"version-history":[{"count":5,"href":"https:\/\/e-leman-energies.com\/en\/wp-json\/wp\/v2\/pages\/3\/revisions"}],"predecessor-version":[{"id":737,"href":"https:\/\/e-leman-energies.com\/en\/wp-json\/wp\/v2\/pages\/3\/revisions\/737"}],"wp:attachment":[{"href":"https:\/\/e-leman-energies.com\/en\/wp-json\/wp\/v2\/media?parent=3"}],"curies":[{"name":"wp","href":"https:\/\/api.w.org\/{rel}","templated":true}]}}